{"id":240,"date":"2022-03-19T14:24:47","date_gmt":"2022-03-19T11:24:47","guid":{"rendered":"https:\/\/ekspresnet.com\/?page_id=240"},"modified":"2022-11-26T16:32:21","modified_gmt":"2022-11-26T13:32:21","slug":"saglik-hasarlari","status":"publish","type":"page","link":"https:\/\/ekspresnet.com\/index.php\/saglik-hasarlari\/","title":{"rendered":"Sa\u011fl\u0131k Hasarlar\u0131"},"content":{"rendered":"<p style=\"text-align: left;\">Sa\u011fl\u0131k kurulu\u015funa gidin<br \/>\nTeminat kapsam\u0131ndaki bir rahats\u0131zl\u0131\u011f\u0131n\u0131zda sa\u011fl\u0131k kurulu\u015funa gidiniz.<br \/>\nAnla\u015fmal\u0131 sa\u011fl\u0131k kurulu\u015flar\u0131m\u0131zdan birini tercih ederseniz, indirim imkanlar\u0131ndan faydalanabilirsiniz ve provizyon i\u015flemleriniz de bu kurum taraf\u0131ndan takip edilir.<br \/>\n\u00d6nce Sa\u011fl\u0131k (Tamamlay\u0131c\u0131 Sa\u011fl\u0131k) Sigortas\u0131nda \u015firketimizce anla\u015fma sa\u011flanm\u0131\u015f SGK anla\u015fmal\u0131 hastane ve kurum kullan\u0131m\u0131 mecburidir.Bunun haricinde di\u011fer hastane ve kurumlarda yap\u0131lan i\u015flemlere onay verilememekte ve elden \u00f6deme yap\u0131lmamaktad\u0131r.<br \/>\nAnla\u015fmal\u0131 olmayan bir sa\u011fl\u0131k kurulu\u015funu tercih ederseniz, provizyon i\u015flemi devreye girmeyecektir. Gerekli t\u00fcm evraklar\u0131 Sompo Sigorta A.\u015e Sa\u011fl\u0131k Servisine ula\u015ft\u0131r\u0131n\u0131z.<br \/>\nElden \u00f6deme talebi ile \u015firketimize iletti\u011finiz evraklar\u0131n\u0131z uzmanlar taraf\u0131ndan incelenir. Poli\u00e7eye uygun olan sa\u011fl\u0131k harcamalar\u0131 i\u00e7in sigortal\u0131 banka hesab\u0131na geri \u00f6deme yap\u0131l\u0131r. (\u00d6nce Sa\u011fl\u0131k Poli\u00e7eleri i\u00e7in ge\u00e7erli de\u011fildir)<br \/>\n\u0130ncelemeler tamamland\u0131ktan sonra sigortal\u0131n\u0131n banka hesap numaras\u0131na \u00f6deme yap\u0131l\u0131r.<\/p>\n<p style=\"text-align: left;\"><a href=\"https:\/\/www.somposigorta.com.tr\/anlasmali-saglik-kuruluslari\" target=\"_blank\" rel=\"noopener\"><img decoding=\"async\" loading=\"lazy\" class=\"alignnone wp-image-278 size-full\" title=\"Anla\u015fmal\u0131 Sa\u011fl\u0131k Kurulu\u015flar\u0131 i\u00e7in t\u0131klay\u0131n\u0131z\" src=\"https:\/\/ekspresnet.com\/wp-content\/uploads\/2022\/04\/hastane.png\" alt=\"Anla\u015fmal\u0131 Sa\u011fl\u0131k Kurulu\u015flar\u0131 i\u00e7in t\u0131klay\u0131n\u0131z\" width=\"129\" height=\"111\" srcset=\"https:\/\/ekspresnet.com\/wp-content\/uploads\/2022\/04\/hastane.png 129w, https:\/\/ekspresnet.com\/wp-content\/uploads\/2022\/04\/hastane-70x60.png 70w\" sizes=\"(max-width: 129px) 100vw, 129px\" \/><\/a><\/p>\n<p style=\"text-align: left;\">Gerekli bilgi ve belgeler<br \/>\nTazminat talep formu (a\u00e7\u0131klay\u0131c\u0131 doktor raporu) -Tazminat talep formuna ula\u015fmak i\u00e7in <a href=\"https:\/\/www.somposigorta.com.tr\/uploads\/file\/222736ad-5e7a-4bed-a71f-b56609ff2849.pdf\" target=\"_blank\" rel=\"noopener\">t\u0131klay\u0131n\u0131z<\/a>.<br \/>\nA\u00e7\u0131k R\u0131za Beyan Formu &#8211; A\u00e7\u0131k R\u0131za Beyan Formuna ula\u015fmak i\u00e7in <a href=\"https:\/\/www.somposigorta.com.tr\/uploads\/file\/7b6da40c-bdad-4aa8-a5d5-4b91d7155a3e.pdf\" target=\"_blank\" rel=\"noopener\">t\u0131klay\u0131n\u0131z<\/a>.<br \/>\nTetkik ve tahlil sonu\u00e7lar\u0131<br \/>\nFatura asl\u0131 (ekinde detayl\u0131 d\u00f6k\u00fcm olmas\u0131 gerekmektedir)<br \/>\nRe\u00e7ete orijinali ve k\u00fcp\u00fcrleri, kasa fi\u015fi<br \/>\nSigortal\u0131 banka hesap bilgileri<br \/>\nYatarak tedavilere ait harcamalar i\u00e7in hastane yat\u0131\u015f-\u00e7\u0131k\u0131\u015f epikrizi\/ameliyat raporu<br \/>\n<a href=\"https:\/\/www.somposigorta.com.tr\/uploads\/file\/85fd05d6-eb14-427e-98fd-ee9943824bcb.pdf\" target=\"_blank\" rel=\"noopener\">Gerekli Evraklar<\/a><\/p>\n<p style=\"text-align: left;\">\n","protected":false},"excerpt":{"rendered":"<p>Sa\u011fl\u0131k kurulu\u015funa gidin Teminat kapsam\u0131ndaki bir rahats\u0131zl\u0131\u011f\u0131n\u0131zda sa\u011fl\u0131k kurulu\u015funa gidiniz. Anla\u015fmal\u0131 sa\u011fl\u0131k kurulu\u015flar\u0131m\u0131zdan birini tercih ederseniz, indirim imkanlar\u0131ndan faydalanabilirsiniz ve provizyon i\u015flemleriniz de bu kurum taraf\u0131ndan takip edilir. \u00d6nce Sa\u011fl\u0131k (Tamamlay\u0131c\u0131 Sa\u011fl\u0131k) Sigortas\u0131nda \u015firketimizce anla\u015fma sa\u011flanm\u0131\u015f SGK anla\u015fmal\u0131 hastane ve kurum kullan\u0131m\u0131 mecburidir.Bunun haricinde di\u011fer hastane ve kurumlarda yap\u0131lan i\u015flemlere onay verilememekte ve elden \u00f6deme &hellip; <\/p>\n","protected":false},"author":1,"featured_media":0,"parent":0,"menu_order":0,"comment_status":"closed","ping_status":"closed","template":"","meta":[],"_links":{"self":[{"href":"https:\/\/ekspresnet.com\/index.php\/wp-json\/wp\/v2\/pages\/240"}],"collection":[{"href":"https:\/\/ekspresnet.com\/index.php\/wp-json\/wp\/v2\/pages"}],"about":[{"href":"https:\/\/ekspresnet.com\/index.php\/wp-json\/wp\/v2\/types\/page"}],"author":[{"embeddable":true,"href":"https:\/\/ekspresnet.com\/index.php\/wp-json\/wp\/v2\/users\/1"}],"replies":[{"embeddable":true,"href":"https:\/\/ekspresnet.com\/index.php\/wp-json\/wp\/v2\/comments?post=240"}],"version-history":[{"count":4,"href":"https:\/\/ekspresnet.com\/index.php\/wp-json\/wp\/v2\/pages\/240\/revisions"}],"predecessor-version":[{"id":383,"href":"https:\/\/ekspresnet.com\/index.php\/wp-json\/wp\/v2\/pages\/240\/revisions\/383"}],"wp:attachment":[{"href":"https:\/\/ekspresnet.com\/index.php\/wp-json\/wp\/v2\/media?parent=240"}],"curies":[{"name":"wp","href":"https:\/\/api.w.org\/{rel}","templated":true}]}}